{"id":1128,"date":"2024-12-05T10:13:29","date_gmt":"2024-12-05T08:13:29","guid":{"rendered":"https:\/\/www.lakreem.eu\/?post_type=product&#038;p=1128"},"modified":"2026-02-23T00:22:32","modified_gmt":"2026-02-22T22:22:32","slug":"naotoonik-2","status":"publish","type":"product","link":"https:\/\/lakreem.eu\/en\/toode\/naotoonik-2\/","title":{"rendered":"Must Have. N\u00e4otoonik"},"content":{"rendered":"<p>200 ml. Miron klaaspudel pumpkorgiga.<\/p>\n<p>Puhastab,v\u00e4rskendab,niisutab ja tasakaalustab n\u00e4onahka. Kasuta hommikul ja \u00f5htul peale puhastuspiima ( v\u00f5i m\u00f5ne muu puhastusvahendi) ja\/v\u00f5i veega pesemist. Kanna vatipadjale toonikut ja puhasta sellega n\u00e4onahk. \u00c4ra loputa maha! Toonik tasakaalustab naha ph-d ja mikrobioomi. Sisaldab h\u00fcaluroonhapet, panthenooli,vetikaid ja probiootikumi. L\u00f5hnaks- kadaka, petitgraini ja lavendli eeterlikud \u00f5lid<\/p>\n<p>Ingredients:Agua,Glycerin, Aloe barbadensis leaf juice,Potassium sorbate, Sodium benzoate, Dehydroacetic acid,Benzyl alcohol,Lactobacillus ferment,Allantoin, Acacia senegal gum, Xanthan gum, Furcellaria lumbricalis extract, Sodium hyaluronate,Panthenol, Arginine, Citrus aurantium amara leaf oil, Juniperus communis fruit oil, Lavandula angustifolia oil.* citral, *citronellol,*linalool,*limonene<\/p>\n","protected":false},"excerpt":{"rendered":"<p>Toonik puhastab,v\u00e4rskendab,niisutab ja tasakaalustab n\u00e4onahka. \u00c4ra loputa maha! Sobib k\u00f5ikidele nahat\u00fc\u00fcpidele kasutamiseks hommikul ja \u00f5htul.<\/p>\n","protected":false},"featured_media":1610,"template":"","meta":{"inline_featured_image":false},"product_cat":[15],"product_tag":[],"class_list":{"0":"post-1128","1":"product","2":"type-product","3":"status-publish","4":"has-post-thumbnail","6":"product_cat-muu","8":"first","9":"instock","10":"taxable","11":"shipping-taxable","12":"purchasable","13":"product-type-simple"},"_links":{"self":[{"href":"https:\/\/lakreem.eu\/en\/wp-json\/wp\/v2\/product\/1128","targetHints":{"allow":["GET"]}}],"collection":[{"href":"https:\/\/lakreem.eu\/en\/wp-json\/wp\/v2\/product"}],"about":[{"href":"https:\/\/lakreem.eu\/en\/wp-json\/wp\/v2\/types\/product"}],"wp:featuredmedia":[{"embeddable":true,"href":"https:\/\/lakreem.eu\/en\/wp-json\/wp\/v2\/media\/1610"}],"wp:attachment":[{"href":"https:\/\/lakreem.eu\/en\/wp-json\/wp\/v2\/media?parent=1128"}],"wp:term":[{"taxonomy":"product_cat","embeddable":true,"href":"https:\/\/lakreem.eu\/en\/wp-json\/wp\/v2\/product_cat?post=1128"},{"taxonomy":"product_tag","embeddable":true,"href":"https:\/\/lakreem.eu\/en\/wp-json\/wp\/v2\/product_tag?post=1128"}],"curies":[{"name":"wp","href":"https:\/\/api.w.org\/{rel}","templated":true}]}}