{"id":1302,"date":"2025-05-04T17:51:44","date_gmt":"2025-05-04T14:51:44","guid":{"rendered":"https:\/\/lakreem.eu\/?post_type=product&#038;p=1302"},"modified":"2026-02-06T19:39:52","modified_gmt":"2026-02-06T17:39:52","slug":"must-kuusk-hupoallergeenne-taastav-kreem-naole","status":"publish","type":"product","link":"https:\/\/lakreem.eu\/en\/toode\/must-kuusk-hupoallergeenne-taastav-kreem-naole\/","title":{"rendered":"Must Kuusk. H\u00fcpoallergeenne taastav kreem n\u00e4ole"},"content":{"rendered":"<p>50 ml. Miron klaaspurk.<\/p>\n<p>Kreem sobib taastavaks-,rahustavaks- ja kaitsekreemiks k\u014dikidele nahat\u00fc\u00fcpidele, eriti aga tundlikule,kuivale nahale. Sobib ka ilmastiku kaitseks.<\/p>\n<p>Kuusevaik aitab nahal taastuda ning see vaigune \u00f5li annab ka kaitsekihi. Kanepiseemne\u00f5li rahustab ja taastab nahka, jojoba\u00f5li toidab ning kaitseb, skvakaan niisutab t\u014dhusalt. Probiootikum aitab taastada ja hoida naha mikrobioomi. Keemile ei ole lisatud aktiivaineid ,eeterlikke \u00f4lisid,ega muid l\u00f5hna-v\u00e4rvaineid st. m\u00f5eldud on just k\u00f5ige tundlikumale nahale ja kreem ei sisalda midagi, mis v\u00f5iks allergilisi reaktsioone tekitada. Kreem on testitud ka allergialiidu poolt ning saanud nende tunnustuse.<\/p>\n<p>Kreem sobib nii hommikul kui \u00f4htul kasutamiseks puhtale n\u00e4onahale.<\/p>\n<p>* kui on individuaalne allergia kreemi mingile koostisisale, siis see kreem ei sobi .<\/p>\n<p>*Sama kreem on meie valikus ka 250 ml pakendis ja sobib kogu kehale.<\/p>\n<p>Ingredients: Agua, Simmondsia chinensis seed oil, Olea europaea fruit oil, Picea abies wood extract, Sodium stearoyl lactylate, Lavandula angustifolia flower water, Cannabis sativa seed oil, Glyceryl stearate, Cetyl alcohol, Butyrospermum parkii butter, Squalane, Glycerin, Potassium sorbate, Sodium benzoate, Lactobacillus ferment, Xanthan gum, Tocopherol, Helianthus annuus seed oil.<\/p>\n<p class=\"empty-line\">&nbsp;<\/p>\n","protected":false},"excerpt":{"rendered":"<p>Taastav, rahustav,toitev ja kaitsev kreem kuusevaiguga. Sobib igale nahat\u00fc\u00fcbile, eelk\u00f5ige tundlikule ja kuivale nahale kasutamiseks nii hommikul kui \u00f5htul<\/p>\n","protected":false},"featured_media":1613,"template":"","meta":{"inline_featured_image":false},"product_cat":[15],"product_tag":[],"class_list":{"0":"post-1302","1":"product","2":"type-product","3":"status-publish","4":"has-post-thumbnail","6":"product_cat-muu","8":"first","9":"instock","10":"taxable","11":"shipping-taxable","12":"purchasable","13":"product-type-simple"},"_links":{"self":[{"href":"https:\/\/lakreem.eu\/en\/wp-json\/wp\/v2\/product\/1302","targetHints":{"allow":["GET"]}}],"collection":[{"href":"https:\/\/lakreem.eu\/en\/wp-json\/wp\/v2\/product"}],"about":[{"href":"https:\/\/lakreem.eu\/en\/wp-json\/wp\/v2\/types\/product"}],"wp:featuredmedia":[{"embeddable":true,"href":"https:\/\/lakreem.eu\/en\/wp-json\/wp\/v2\/media\/1613"}],"wp:attachment":[{"href":"https:\/\/lakreem.eu\/en\/wp-json\/wp\/v2\/media?parent=1302"}],"wp:term":[{"taxonomy":"product_cat","embeddable":true,"href":"https:\/\/lakreem.eu\/en\/wp-json\/wp\/v2\/product_cat?post=1302"},{"taxonomy":"product_tag","embeddable":true,"href":"https:\/\/lakreem.eu\/en\/wp-json\/wp\/v2\/product_tag?post=1302"}],"curies":[{"name":"wp","href":"https:\/\/api.w.org\/{rel}","templated":true}]}}