{"id":1322,"date":"2025-05-07T23:03:13","date_gmt":"2025-05-07T20:03:13","guid":{"rendered":"https:\/\/lakreem.eu\/?post_type=product&#038;p=1322"},"modified":"2025-05-07T23:03:13","modified_gmt":"2025-05-07T20:03:13","slug":"lakreem-professional-naohoolduse-koolitus","status":"publish","type":"product","link":"https:\/\/lakreem.eu\/en\/toode\/lakreem-professional-naohoolduse-koolitus\/","title":{"rendered":"LaKreem Professional n\u00e4ohoolduse koolitus"},"content":{"rendered":"<p>Koolitus on m\u014deldud iluteenindajatele,kes soovivad oma teenuste valikus pakkuda kodumaise looduskosmeetikaga n\u00e4ohooldust. ( kosmeetikud, mass\u00f6\u00f6rid jms. eeldus,et olemas n\u00e4omassaa\u017ei tegemise oskus). LaKreem Professional sari on loodud koost\u00f6\u00f6s Tallinna \u00dclikooli teadlastega ning sisaldab 15 toodet. Koolitus toimub meie esindussalongis Rosita, Vesiv\u00e4rava 50. Tallinn. ( v\u00f5imalik kokkuleppel ka kliendile sobivamas asukohas) Koolituse aeg:1,5-2 tundi ja koolitus viib l\u00e4bi sarja looja, valmistaja ning koolitaja. Koolitus sisaldab: k\u00f5ikide toodete tutvustust, n\u00e4ohooldust koolituse tellijale,et ise kogeda ja tunda k\u00f5ike oma nahal. Teoreetilised materjalid ja soovi korral lisaks ka koolituse video. Kui peale koolitust on soov tooteid kaasa osta arvestatakse koolituse hind toodete maksumusest maha. ( ei ole kohustust osta ). Koolituse ostu korral v\u00f5tame ise \u00fchendust,et sobiv aeg kokku leppida ja koolitust ostes m\u00e4rgi ise j\u00e4rgi tulemise variant.<\/p>\n","protected":false},"excerpt":{"rendered":"<p>Iluteenindajale m\u00f5eldud koolitus,et pakkuda oma teenuste valikus kodumaist looduskosmeetikat ,LaKreem Professional n\u00e4ohooldusi.<\/p>\n","protected":false},"featured_media":1320,"template":"","meta":{"inline_featured_image":false},"product_cat":[15],"product_tag":[],"class_list":{"0":"post-1322","1":"product","2":"type-product","3":"status-publish","4":"has-post-thumbnail","6":"product_cat-muu","8":"first","9":"instock","10":"taxable","11":"shipping-taxable","12":"purchasable","13":"product-type-simple"},"_links":{"self":[{"href":"https:\/\/lakreem.eu\/en\/wp-json\/wp\/v2\/product\/1322","targetHints":{"allow":["GET"]}}],"collection":[{"href":"https:\/\/lakreem.eu\/en\/wp-json\/wp\/v2\/product"}],"about":[{"href":"https:\/\/lakreem.eu\/en\/wp-json\/wp\/v2\/types\/product"}],"wp:featuredmedia":[{"embeddable":true,"href":"https:\/\/lakreem.eu\/en\/wp-json\/wp\/v2\/media\/1320"}],"wp:attachment":[{"href":"https:\/\/lakreem.eu\/en\/wp-json\/wp\/v2\/media?parent=1322"}],"wp:term":[{"taxonomy":"product_cat","embeddable":true,"href":"https:\/\/lakreem.eu\/en\/wp-json\/wp\/v2\/product_cat?post=1322"},{"taxonomy":"product_tag","embeddable":true,"href":"https:\/\/lakreem.eu\/en\/wp-json\/wp\/v2\/product_tag?post=1322"}],"curies":[{"name":"wp","href":"https:\/\/api.w.org\/{rel}","templated":true}]}}