{"id":1410,"date":"2025-08-04T20:08:09","date_gmt":"2025-08-04T17:08:09","guid":{"rendered":"https:\/\/lakreem.eu\/?post_type=product&#038;p=1410"},"modified":"2026-02-16T06:03:27","modified_gmt":"2026-02-16T04:03:27","slug":"must-love-hudrolaat-eesti-suvi","status":"publish","type":"product","link":"https:\/\/lakreem.eu\/en\/toode\/must-love-hudrolaat-eesti-suvi\/","title":{"rendered":"Must Love. H\u00fcdrolaat \u201cEesti suvi\u201d"},"content":{"rendered":"<p>50 ml. Miron klaaspudel spray korgiga.<\/p>\n<p>H\u00fcdrolaat erinevatest suvelilledest, segu. Iga partii v\u00f5ib olla erinev. Oma tootega saad kaasa Sinu h\u00fcdrolaadi koostise.<\/p>\n<p>Niisutab,v\u00e4rskendab,tasakaalustab nahka! Sobib n\u00e4ole, juustele ja kogu kehale. Sobib ka naha puhastamiseks.<\/p>\n","protected":false},"excerpt":{"rendered":"<p>H\u00fcdrolaat suvelillede segust. Niisutab ja v\u00e4rskendab n\u00e4onahka. Sobib ka juustele ning kogu kehale.<\/p>\n","protected":false},"featured_media":1615,"template":"","meta":{"inline_featured_image":false},"product_cat":[29],"product_tag":[],"class_list":{"0":"post-1410","1":"product","2":"type-product","3":"status-publish","4":"has-post-thumbnail","6":"product_cat-hudrolaadid","8":"first","9":"instock","10":"taxable","11":"shipping-taxable","12":"purchasable","13":"product-type-simple"},"_links":{"self":[{"href":"https:\/\/lakreem.eu\/en\/wp-json\/wp\/v2\/product\/1410","targetHints":{"allow":["GET"]}}],"collection":[{"href":"https:\/\/lakreem.eu\/en\/wp-json\/wp\/v2\/product"}],"about":[{"href":"https:\/\/lakreem.eu\/en\/wp-json\/wp\/v2\/types\/product"}],"wp:featuredmedia":[{"embeddable":true,"href":"https:\/\/lakreem.eu\/en\/wp-json\/wp\/v2\/media\/1615"}],"wp:attachment":[{"href":"https:\/\/lakreem.eu\/en\/wp-json\/wp\/v2\/media?parent=1410"}],"wp:term":[{"taxonomy":"product_cat","embeddable":true,"href":"https:\/\/lakreem.eu\/en\/wp-json\/wp\/v2\/product_cat?post=1410"},{"taxonomy":"product_tag","embeddable":true,"href":"https:\/\/lakreem.eu\/en\/wp-json\/wp\/v2\/product_tag?post=1410"}],"curies":[{"name":"wp","href":"https:\/\/api.w.org\/{rel}","templated":true}]}}