{"id":1411,"date":"2025-08-04T20:13:58","date_gmt":"2025-08-04T17:13:58","guid":{"rendered":"https:\/\/lakreem.eu\/?post_type=product&#038;p=1411"},"modified":"2026-02-16T06:03:27","modified_gmt":"2026-02-16T04:03:27","slug":"must-have-katekreem","status":"publish","type":"product","link":"https:\/\/lakreem.eu\/en\/toode\/must-have-katekreem\/","title":{"rendered":"Must Have. K\u00e4tekreem"},"content":{"rendered":"<p>50 ml. Airless korgiga plastikpudel. Mugav kaasas kanda ja kasutada!<\/p>\n<p>Niisutav\/toitev k\u00e4tekreem mandli\u00f5li ja kakaov\u00f5iga.<\/p>\n<p>Ingredients:Aqua,Olea europaea fruit oil,Prunus amygdalus dulcis oil, Vitis vinifera seed oil, Cocos nucifera oil, Theobroma cacao seed butter,Polyglyceryl-3 methylglucose distearate, Cetearyl alcohol, Sodium benzoate,Potassium sorbate, Lavandula angustifolia oil, Cymbopogon flexus herb oil, Mentha piperita oil. *citral,*eugenol,*geraniol,*linalool,*limonene, *citronellol<\/p>\n<p>*Sama kreem olemas ka 250 ml klaaspudelis.<\/p>\n","protected":false},"excerpt":{"rendered":"<p>Niisutav\/toitev k\u00e4tekreem mandli\u00f5li ja kakaov\u00f5iga.<\/p>\n","protected":false},"featured_media":1616,"template":"","meta":{"inline_featured_image":false},"product_cat":[57],"product_tag":[],"class_list":{"0":"post-1411","1":"product","2":"type-product","3":"status-publish","4":"has-post-thumbnail","6":"product_cat-kate-ja-kehatooted","8":"first","9":"instock","10":"taxable","11":"shipping-taxable","12":"purchasable","13":"product-type-simple"},"_links":{"self":[{"href":"https:\/\/lakreem.eu\/en\/wp-json\/wp\/v2\/product\/1411","targetHints":{"allow":["GET"]}}],"collection":[{"href":"https:\/\/lakreem.eu\/en\/wp-json\/wp\/v2\/product"}],"about":[{"href":"https:\/\/lakreem.eu\/en\/wp-json\/wp\/v2\/types\/product"}],"wp:featuredmedia":[{"embeddable":true,"href":"https:\/\/lakreem.eu\/en\/wp-json\/wp\/v2\/media\/1616"}],"wp:attachment":[{"href":"https:\/\/lakreem.eu\/en\/wp-json\/wp\/v2\/media?parent=1411"}],"wp:term":[{"taxonomy":"product_cat","embeddable":true,"href":"https:\/\/lakreem.eu\/en\/wp-json\/wp\/v2\/product_cat?post=1411"},{"taxonomy":"product_tag","embeddable":true,"href":"https:\/\/lakreem.eu\/en\/wp-json\/wp\/v2\/product_tag?post=1411"}],"curies":[{"name":"wp","href":"https:\/\/api.w.org\/{rel}","templated":true}]}}