{"id":1417,"date":"2025-08-04T20:23:47","date_gmt":"2025-08-04T17:23:47","guid":{"rendered":"https:\/\/lakreem.eu\/?post_type=product&#038;p=1417"},"modified":"2026-02-06T19:37:22","modified_gmt":"2026-02-06T17:37:22","slug":"must-have-katekreem-2","status":"publish","type":"product","link":"https:\/\/lakreem.eu\/en\/toode\/must-have-katekreem-2\/","title":{"rendered":"Must Have. K\u00e4tekreem."},"content":{"rendered":"<p>250 ml. Miron klaaspudelis, pumpkorgiga.<\/p>\n<p>Niisutav\/toitev k\u00e4tekreem mandli\u00f5li ja kakaov\u00f5iga.<\/p>\n<p>\ud83d\udda4Stiilne disainielement Sinu kraanikausil, alati hea toode ka kingituseks!<\/p>\n<p>Ingredients:Aqua,Olea europaea fruit oil,Prunus amygdalus dulcis oil, Vitis vinifera seed oil, Cocos nucifera oil, Theobroma cacao seed butter,Polyglyceryl-3 methylglucose distearate, Cetearyl alcohol, Sodium benzoate,Potassium sorbate, Lavandula angustifolia oil, Cymbopogon flexus herb oil, Mentha piperita oil. *citral,*eugenol,*geraniol,*linalool,*limonene, *citronellol<\/p>\n<p>*Sama toode olemas ka 50 ml.<\/p>\n","protected":false},"excerpt":{"rendered":"<p>Niisutav\/toitev k\u00e4tekreem mandli\u00f5li ja kakaov\u00f5iga stiilses klaaspudelis,250 ml.<\/p>\n","protected":false},"featured_media":1614,"template":"","meta":{"inline_featured_image":false},"product_cat":[57],"product_tag":[],"class_list":{"0":"post-1417","1":"product","2":"type-product","3":"status-publish","4":"has-post-thumbnail","6":"product_cat-kate-ja-kehatooted","8":"first","9":"instock","10":"taxable","11":"shipping-taxable","12":"purchasable","13":"product-type-simple"},"_links":{"self":[{"href":"https:\/\/lakreem.eu\/en\/wp-json\/wp\/v2\/product\/1417","targetHints":{"allow":["GET"]}}],"collection":[{"href":"https:\/\/lakreem.eu\/en\/wp-json\/wp\/v2\/product"}],"about":[{"href":"https:\/\/lakreem.eu\/en\/wp-json\/wp\/v2\/types\/product"}],"wp:featuredmedia":[{"embeddable":true,"href":"https:\/\/lakreem.eu\/en\/wp-json\/wp\/v2\/media\/1614"}],"wp:attachment":[{"href":"https:\/\/lakreem.eu\/en\/wp-json\/wp\/v2\/media?parent=1417"}],"wp:term":[{"taxonomy":"product_cat","embeddable":true,"href":"https:\/\/lakreem.eu\/en\/wp-json\/wp\/v2\/product_cat?post=1417"},{"taxonomy":"product_tag","embeddable":true,"href":"https:\/\/lakreem.eu\/en\/wp-json\/wp\/v2\/product_tag?post=1417"}],"curies":[{"name":"wp","href":"https:\/\/api.w.org\/{rel}","templated":true}]}}