{"id":1436,"date":"2025-09-07T18:14:04","date_gmt":"2025-09-07T15:14:04","guid":{"rendered":"https:\/\/lakreem.eu\/?post_type=product&#038;p=1436"},"modified":"2026-02-23T00:21:54","modified_gmt":"2026-02-22T22:21:54","slug":"duo-puhas-ilu","status":"publish","type":"product","link":"https:\/\/lakreem.eu\/en\/toode\/duo-puhas-ilu\/","title":{"rendered":"Duo \u201cPuhas ilu\u201d"},"content":{"rendered":"<p>Puhastav komplekt koduseks n\u00e4ohoolduseks.<\/p>\n<p>Komplektis on 200 ml n\u00e4opuhastuspiim , miron klaaspudel, pumpkorgiga ja 200 ml n\u00e4otoonik , miron klaaspudel, pumpkorgiga.<\/p>\n<p>Kasutamine: Kanna hommikul ja\/v\u014di \u014dhtul niiskele n\u00e4onahale v\u00e4ike kogus puhastuspiima, masseeri oma m\u00e4rgade k\u00e4tega n\u00e4ole laiali m\u014dned minutid ja loputa maha. Puhastuspiim eemaldab n\u00e4olt mustuse ja meigi (k.a. silmameik), ei \u00e4rrita ega kuivata n\u00e4onahka. Kanna vatipatjadele n\u00e4otoonikut ja eemalda sellega viimased mustused nung ka puhastuspiima j\u00e4\u00e4gid. \u00c4ra loputa maha, sest toonik tasakaalustab naha ph ning niisutab t\u014dhusalt n\u00e4onahka.<\/p>\n<p>Must Have. Puhastuspiim.<\/p>\n<p>Ingredients: Aqua,Cocos nucifera oil,Sesamum indicum seed oil,Aloe vera, Sodium stearoyl lactylate, Glyceryl stearate,Cetyl alcohol,Benzyl alcohol,Dehydroacetic acid. Citrus limonum oil, Lavandula angustifolia oil.*geraniol,* citral, *limonene<\/p>\n<p>Must Have. N\u00e4otoonik.<\/p>\n<p>Ingredients:Agua,Glycerin, Aloe barbadensis leaf juice,Potassium sorbate, Sodium benzoate, Dehydroacetic acid,Benzyl alcohol,Lactobacillus ferment,Allantoin, Acacia senegal gum, Xanthan gum, Furcellaria lumbricalis extract, Sodium hyaluronate,Panthenol, Arginine, Citrus aurantium amara leaf oil, Juniperus communis fruit oil, Lavandula angustifolia oil.* citral, *citronellol,*linalool,*limonene<\/p>\n<p class=\"empty-line\">&nbsp;<\/p>\n<p class=\"empty-line\">&nbsp;<\/p>\n","protected":false},"excerpt":{"rendered":"<p>Ilus n\u00e4onahk eeldab eelk\u00f5ige t\u00f5husat,samas nahale \u014drna puhtust! Komplekt \u201cPuhas ilu\u201d sisaldab puhastuspiima chaga\u014dliga ning n\u00e4otoonikut h\u00fcaluroonhappe,vetikate ja kadakaga.T\u00e4iusliku tulemuse jaoks soovitame neid tooteid kasutada just koos \u00fche komplektina.<\/p>\n","protected":false},"featured_media":1612,"template":"","meta":{"inline_featured_image":false},"product_cat":[41],"product_tag":[],"class_list":{"0":"post-1436","1":"product","2":"type-product","3":"status-publish","4":"has-post-thumbnail","6":"product_cat-naohooldus","8":"first","9":"instock","10":"taxable","11":"shipping-taxable","12":"purchasable","13":"product-type-simple"},"_links":{"self":[{"href":"https:\/\/lakreem.eu\/en\/wp-json\/wp\/v2\/product\/1436","targetHints":{"allow":["GET"]}}],"collection":[{"href":"https:\/\/lakreem.eu\/en\/wp-json\/wp\/v2\/product"}],"about":[{"href":"https:\/\/lakreem.eu\/en\/wp-json\/wp\/v2\/types\/product"}],"wp:featuredmedia":[{"embeddable":true,"href":"https:\/\/lakreem.eu\/en\/wp-json\/wp\/v2\/media\/1612"}],"wp:attachment":[{"href":"https:\/\/lakreem.eu\/en\/wp-json\/wp\/v2\/media?parent=1436"}],"wp:term":[{"taxonomy":"product_cat","embeddable":true,"href":"https:\/\/lakreem.eu\/en\/wp-json\/wp\/v2\/product_cat?post=1436"},{"taxonomy":"product_tag","embeddable":true,"href":"https:\/\/lakreem.eu\/en\/wp-json\/wp\/v2\/product_tag?post=1436"}],"curies":[{"name":"wp","href":"https:\/\/api.w.org\/{rel}","templated":true}]}}