{"id":1573,"date":"2025-12-20T12:11:30","date_gmt":"2025-12-20T10:11:30","guid":{"rendered":"https:\/\/lakreem.eu\/?post_type=product&#038;p=1573"},"modified":"2026-03-09T09:25:55","modified_gmt":"2026-03-09T07:25:55","slug":"lakreem-professional-pinguldav-mask","status":"publish","type":"product","link":"https:\/\/lakreem.eu\/en\/toode\/lakreem-professional-pinguldav-mask\/","title":{"rendered":"LaKreem Professional. Pinguldav mask."},"content":{"rendered":"<p>50 ml. klaaspurk.<\/p>\n<p>Pinguldav mask n\u00e4ole. Kasutamine- kanna \u00f5huke kiht maski puhtale n\u00e4onahale, hoia 15-30 min. Masseeri m\u00e4rgade k\u00e4tega mask nahalt lahti ja pese maha. Soovitav 1 kord n\u00e4dalas ja alates vanuses 30+<\/p>\n<p>Maski koostises- vetikad, peptiidid,taimne kollageen, astaxanthin, astelpaju\u00f5li, nisuidu\u00f5li,kakaov\u00f5i,roosivesi, bakuchiol,rosmariini ekstrakt, probiootikum,kaoliin, tsinkoksiid.<\/p>\n<p>Ingredients: Aqua,\u00a0 Rosa damascena flower water, Bentonite, Sodium Phytate,Glycerin, Xanthan gum, Cetearyl alcohol,Cetearyl glucoside, Hippophae Rhamnoides Fruit Oil, Triticum Vulgare (Wheat) Germ Oil,Hydrogenated Ethylhexyl Olivate (and) Hydrogenated Olive Oil Unsaponifiables, Zinc oxide,Theobroma cacao seed butter, Lactobacillus ferment, Kaolin, Furcellaran,\u00a0 Collagen Amino Acids, Leuconostoc\/Radish Root Ferment Filtrate, Astaxanthin, Bakuchiol, Acetyl Hexapeptid-8, Capryl Glycol &amp; Ethylhexylglycerin, Helianthus annuus seed oil, rosmarinus officinalis leaf extract, Benzyl Alcohol ,Salicylic Acid , Sorbic Acid, Allantoin,Lavandula angustifolia oil, Mentha piperita leaf oil, Citrus aurantifolia peel oil.<\/p>\n","protected":false},"excerpt":{"rendered":"<p>LaKreem profisarja mask,mis eritootena valminud ka tavakliendile. Pinguldav mask n\u00e4onahale.<\/p>\n","protected":false},"featured_media":1646,"template":"","meta":{"inline_featured_image":false},"product_cat":[41],"product_tag":[],"class_list":{"0":"post-1573","1":"product","2":"type-product","3":"status-publish","4":"has-post-thumbnail","6":"product_cat-naohooldus","8":"first","9":"outofstock","10":"taxable","11":"shipping-taxable","12":"purchasable","13":"product-type-simple"},"_links":{"self":[{"href":"https:\/\/lakreem.eu\/en\/wp-json\/wp\/v2\/product\/1573","targetHints":{"allow":["GET"]}}],"collection":[{"href":"https:\/\/lakreem.eu\/en\/wp-json\/wp\/v2\/product"}],"about":[{"href":"https:\/\/lakreem.eu\/en\/wp-json\/wp\/v2\/types\/product"}],"wp:featuredmedia":[{"embeddable":true,"href":"https:\/\/lakreem.eu\/en\/wp-json\/wp\/v2\/media\/1646"}],"wp:attachment":[{"href":"https:\/\/lakreem.eu\/en\/wp-json\/wp\/v2\/media?parent=1573"}],"wp:term":[{"taxonomy":"product_cat","embeddable":true,"href":"https:\/\/lakreem.eu\/en\/wp-json\/wp\/v2\/product_cat?post=1573"},{"taxonomy":"product_tag","embeddable":true,"href":"https:\/\/lakreem.eu\/en\/wp-json\/wp\/v2\/product_tag?post=1573"}],"curies":[{"name":"wp","href":"https:\/\/api.w.org\/{rel}","templated":true}]}}