{"id":1670,"date":"2026-03-23T10:45:50","date_gmt":"2026-03-23T08:45:50","guid":{"rendered":"https:\/\/lakreem.eu\/?post_type=product&#038;p=1670"},"modified":"2026-04-01T10:12:19","modified_gmt":"2026-04-01T07:12:19","slug":"must-sostar-trio-mini","status":"publish","type":"product","link":"https:\/\/lakreem.eu\/en\/toode\/must-sostar-trio-mini\/","title":{"rendered":"Must S\u00f5star Trio, mini."},"content":{"rendered":"<p>3 toodet, 15 ml klaaspudelites. H\u00fcdrolaat,geelseerum ja \u00f5liseerum. M\u00f5eldud komplektina koos kasutamiseks.<\/p>\n<p>H\u00fcdrolaat- toonik. Sobib n\u00e4onaha puhastamiseks ja niisutamiseks.<\/p>\n<p><strong>Ingredients<\/strong>: Ribes Nigrum Leaf Water<\/p>\n<p>Geelseerum c-vitamiini ja astaxanthiniga, ergutab ja niisutab n\u00e4onahka.<\/p>\n<p>Ingredients:Aqua,Ribes Nigrum Hydrolate,Glycerin,Ribes Nigrum oil, \u00a0Benzyl alcohol,Sodium Ascorbyl Phosphate,Sodium Hyaluronate,Furcellaran, Blackcurrant powder,Arginine,Helianthus Annuus seed oil,Rosmarinus officinalis leaf extract, Haematococcus pulvialis extract&amp;Safflower oil (Astaxanthin),Sodium phytate\/Aqua\/Alcohol(Chelating agent),Cananga Odorata flower oil ,Petitgrain Citronnier Oil, Cistus Ladaniferus, Dehydroacetic Acid. *limonene* linalool *citral *geraniol*eugenol*farnesol*isoeugenol*cinnamyl alcohol* benzyl salizylate* benzyl benzoate<\/p>\n<p>\u00d5liseerum c- vitamiiniga+marjaseemne\u00f5lide mix. Toidab,ergutab ja \u00fchtlustab naha jumet, annab ilusa s\u00e4ra.<\/p>\n<p>Ingredients: Vitis vinifera seed oil,Ribes Nigrum Seed Oil, Olea Hippophae Rhamnoides, Prunus Armeniaca Kernel Oil, Simmondsia Chinensis Seed Oil, Prunus Cerasus Seed Oil , Squalane, Tetrahexyldecyl Ascorbate,Tocopherol, Bakuchiol, Astaxanthin, Citrus Paradisi Peel Oil, Citrus Aurantifolia Oil,Cananga Odorata Flower Oil.<\/p>\n<p>Kasutamine- 3 toote koos kasutamine annab parima tulemuse, niisutatud ja s\u00e4rava n\u00e4onaha.<\/p>\n<p>step 1- puhasta n\u00e4onahk sobiva tootega<\/p>\n<p>step 2- piserda n\u00e4onahale h\u00fcdrolaat, vajuta naha sisse ja vajadusel korda veel,et nahk oleks niiske<\/p>\n<p>step 3- niiskele n\u00e4onahale kanna geelseerum ja masseeri m\u00f5ned minutid<\/p>\n<p>step4- kanna n\u00e4onahale \u00f5luseerum ja tee m\u00f5nus n\u00e4omassaa\u017e endale paar minutit. \u00d5htul pane pigem rohkem,et nahk l\u00e4igiks, hommikul v\u00f5id natuke v\u00e4hem panna ja\/v\u00f5i veel h\u00fcdrolaadiga \u00fcle piserdada,et k\u00f5ik paremini ja kiiremalt imenduks.<\/p>\n<p class=\"empty-line\">&nbsp;<\/p>\n","protected":false},"excerpt":{"rendered":"<p>Must S\u00f5star trio- niisutav ja nahka ergutav komplekt c- vitamiiniga. Sobib niisutamist vajavale n\u00e4onahale, annab s\u00e4rava jume.<\/p>\n","protected":false},"featured_media":1666,"template":"","meta":{"inline_featured_image":false},"product_cat":[41],"product_tag":[],"class_list":{"0":"post-1670","1":"product","2":"type-product","3":"status-publish","4":"has-post-thumbnail","6":"product_cat-naohooldus","8":"first","9":"instock","10":"taxable","11":"shipping-taxable","12":"purchasable","13":"product-type-simple"},"_links":{"self":[{"href":"https:\/\/lakreem.eu\/en\/wp-json\/wp\/v2\/product\/1670","targetHints":{"allow":["GET"]}}],"collection":[{"href":"https:\/\/lakreem.eu\/en\/wp-json\/wp\/v2\/product"}],"about":[{"href":"https:\/\/lakreem.eu\/en\/wp-json\/wp\/v2\/types\/product"}],"wp:featuredmedia":[{"embeddable":true,"href":"https:\/\/lakreem.eu\/en\/wp-json\/wp\/v2\/media\/1666"}],"wp:attachment":[{"href":"https:\/\/lakreem.eu\/en\/wp-json\/wp\/v2\/media?parent=1670"}],"wp:term":[{"taxonomy":"product_cat","embeddable":true,"href":"https:\/\/lakreem.eu\/en\/wp-json\/wp\/v2\/product_cat?post=1670"},{"taxonomy":"product_tag","embeddable":true,"href":"https:\/\/lakreem.eu\/en\/wp-json\/wp\/v2\/product_tag?post=1670"}],"curies":[{"name":"wp","href":"https:\/\/api.w.org\/{rel}","templated":true}]}}