{"id":1681,"date":"2026-04-06T18:08:17","date_gmt":"2026-04-06T15:08:17","guid":{"rendered":"https:\/\/lakreem.eu\/?post_type=product&#038;p=1681"},"modified":"2026-04-06T18:08:17","modified_gmt":"2026-04-06T15:08:17","slug":"must-sostar-trio","status":"publish","type":"product","link":"https:\/\/lakreem.eu\/en\/toode\/must-sostar-trio\/","title":{"rendered":"Must S\u00f5star Trio"},"content":{"rendered":"<p>3 Must S\u00f5star toodet, mis sobivad komplektis kasutada.<\/p>\n<p>Ergutab n\u00e4onahka ja \u00fchtlustab jumet. Kasutamine: 1. kanna puhtale n\u00e4onahale Must S\u00f5star h\u00fcdrolaat ja vajuta kergelt naha sisse oma k\u00e4tega, vajadusel lisa veel \u00fcks kord,et n\u00e4onahk oleks h\u00e3sti niisutatud. 2. kanna h\u00fcdrolaadist niiskele n\u00e4onahale geelseerum ja masseeri m\u00f5ned minutid. 3. kanna l\u00f5puks n\u00e4ole \u00f5liseerum ja masseeri m\u00f5ni minut. \u00d5htul pane \u00f5liseerumit pigem rohkem,las nahk l\u00e4igib korralikult! Hommikul kui soovid,et \u00f5liseerum kiiremini imenduks v\u00f5id v\u00e4hem panna v\u00f5i k\u00f5ige peale veel h\u00fcdrolaati piserdada. (vajadusel kui nahk on v\u00e4ga kuiv v\u00f5ib k\u00f5ige l\u00f5puks panna n\u00e4onahale Must S\u00f5star tahke seerumi) \u00a0K\u00f5ik need tooted sobivad ka silma\u00fcmbrustele, aga vajadusel v\u00f5ib lisada veel silmakreemi. Komplektiga tuleb kaasa kaart kasutusjuhendiga.<\/p>\n<p>60 ml . Must S\u00f4star h\u00fcdrolaat\/ toonik.<\/p>\n<p>Ingredients: Ribes nigrum leaf water, Glycerin, Aloe barbadensis leaf juice, Potassium sorbate, Sodium benzoate, Dehydroacetic acid, Benzyl alcohol, Xanthan gum, Furcellaria lumbricalis extract, Sodium hyaluronate, Panthenol, Arginne, Citrus aurantifolia oil. *citral<\/p>\n<p>30 ml. Must S\u00f4star. N\u00e4oseerum c-vitamiini &amp; astaxanthiniga. (geelseerum) Ingredients:Aqua,Ribes Nigrum Hydrolate,Glycerin,Ribes Nigrum oil, \u00a0Benzyl alcohol,Sodium Ascorbyl Phosphate,Sodium Hyaluronate,Furcellaran, Blackcurrant powder,Arginine,Helianthus Annuus seed oil,Rosmarinus officinalis leaf extract, Haematococcus pulvialis extract&amp;Safflower oil (Astaxanthin),Sodium phytate\/Aqua\/Alcohol(Chelating agent),Cananga Odorata flower oil ,Petitgrain Citronnier Oil, Cistus Ladaniferus, Dehydroacetic Acid. *limonene* linalool *citral *geraniol*eugenol*farnesol*isoeugenol*cinnamyl alcohol* benzyl salizylate* benzyl benzoate<\/p>\n<p>30 ml Must S\u00f5star Iluseerum marjaseemne\u00f5lide ja c- vitamiiniga.( \u00f5liseerum)<\/p>\n<p>Ingredients: Vitis vinifera seed oil, Ribes nigrum seed oil, Hippophae rhamnoides fruit oil, Prunus armeniaca kernel oil, Simmondsia chinensis seed oil, Prunus cerasus seed oil, Squalane, Tetrahexyldecyl ascorbate, Tocopherol, Helianthus annuus seed oil, Bakuchiol, Astaxanthin, Citrus aurantifolia oil, Citrus paradisi peel oil, Chananga odoranta flower oil.* benzyl benzoate,* farnesol,* citral,* geraniol,* linalool,* limonene<\/p>\n","protected":false},"excerpt":{"rendered":"<p>Must S\u00f5star komplekt n\u00e4onaha ergutamiseks ja s\u00e4ravaks jumeks. Sisaldab- h\u00fcdrolaati, geelseerumit ja \u00f5liseerumit.<\/p>\n","protected":false},"featured_media":1682,"template":"","meta":{"inline_featured_image":false},"product_cat":[15],"product_tag":[],"class_list":{"0":"post-1681","1":"product","2":"type-product","3":"status-publish","4":"has-post-thumbnail","6":"product_cat-muu","8":"first","9":"instock","10":"taxable","11":"shipping-taxable","12":"purchasable","13":"product-type-simple"},"_links":{"self":[{"href":"https:\/\/lakreem.eu\/en\/wp-json\/wp\/v2\/product\/1681","targetHints":{"allow":["GET"]}}],"collection":[{"href":"https:\/\/lakreem.eu\/en\/wp-json\/wp\/v2\/product"}],"about":[{"href":"https:\/\/lakreem.eu\/en\/wp-json\/wp\/v2\/types\/product"}],"wp:featuredmedia":[{"embeddable":true,"href":"https:\/\/lakreem.eu\/en\/wp-json\/wp\/v2\/media\/1682"}],"wp:attachment":[{"href":"https:\/\/lakreem.eu\/en\/wp-json\/wp\/v2\/media?parent=1681"}],"wp:term":[{"taxonomy":"product_cat","embeddable":true,"href":"https:\/\/lakreem.eu\/en\/wp-json\/wp\/v2\/product_cat?post=1681"},{"taxonomy":"product_tag","embeddable":true,"href":"https:\/\/lakreem.eu\/en\/wp-json\/wp\/v2\/product_tag?post=1681"}],"curies":[{"name":"wp","href":"https:\/\/api.w.org\/{rel}","templated":true}]}}