{"id":1686,"date":"2026-04-06T18:14:05","date_gmt":"2026-04-06T15:14:05","guid":{"rendered":"https:\/\/lakreem.eu\/?post_type=product&#038;p=1686"},"modified":"2026-04-06T18:14:05","modified_gmt":"2026-04-06T15:14:05","slug":"must-sostar-hudrolaat-toonik","status":"publish","type":"product","link":"https:\/\/lakreem.eu\/en\/toode\/must-sostar-hudrolaat-toonik\/","title":{"rendered":"Must S\u00f5star. H\u00fcdrolaat\/toonik"},"content":{"rendered":"<p>60 ml miron pudelis, spray korgiga.<\/p>\n<p>Musts\u00f4stra h\u00fcdrolaat sobib eelk\u00f5ige Must S\u00f5star sarja toodetega koos kasutamiseks, aga v\u00f4ib kasutada ka eraldi n\u00e4onaha niisutamiseks ja v\u00e4rskendamiseks.<br \/>\nIngredients: Ribes nigrum leaf water, Glycerin, Aloe barbadensis leaf juice, Potassium sorbate, Sodium benzoate, Dehydroacetic acid, Benzyl alcohol, Xanthan gum, Furcellaria lumbricalis extract, Sodium hyaluronate, Panthenol, Arginne, Citrus aurantifolia oil. *citral<\/p>\n","protected":false},"excerpt":{"rendered":"<p>Musts\u00f5stra h\u00fcdrolaat. Niisutab ja v\u00e4rskendab n\u00e4onahka.<\/p>\n","protected":false},"featured_media":1684,"template":"","meta":{"inline_featured_image":false},"product_cat":[29],"product_tag":[],"class_list":{"0":"post-1686","1":"product","2":"type-product","3":"status-publish","4":"has-post-thumbnail","6":"product_cat-hudrolaadid","8":"first","9":"instock","10":"taxable","11":"shipping-taxable","12":"purchasable","13":"product-type-simple"},"_links":{"self":[{"href":"https:\/\/lakreem.eu\/en\/wp-json\/wp\/v2\/product\/1686","targetHints":{"allow":["GET"]}}],"collection":[{"href":"https:\/\/lakreem.eu\/en\/wp-json\/wp\/v2\/product"}],"about":[{"href":"https:\/\/lakreem.eu\/en\/wp-json\/wp\/v2\/types\/product"}],"wp:featuredmedia":[{"embeddable":true,"href":"https:\/\/lakreem.eu\/en\/wp-json\/wp\/v2\/media\/1684"}],"wp:attachment":[{"href":"https:\/\/lakreem.eu\/en\/wp-json\/wp\/v2\/media?parent=1686"}],"wp:term":[{"taxonomy":"product_cat","embeddable":true,"href":"https:\/\/lakreem.eu\/en\/wp-json\/wp\/v2\/product_cat?post=1686"},{"taxonomy":"product_tag","embeddable":true,"href":"https:\/\/lakreem.eu\/en\/wp-json\/wp\/v2\/product_tag?post=1686"}],"curies":[{"name":"wp","href":"https:\/\/api.w.org\/{rel}","templated":true}]}}