{"id":1687,"date":"2026-04-06T18:28:45","date_gmt":"2026-04-06T15:28:45","guid":{"rendered":"https:\/\/lakreem.eu\/?post_type=product&#038;p=1687"},"modified":"2026-04-06T18:30:27","modified_gmt":"2026-04-06T15:30:27","slug":"must-sostar-iluseerum-marjaseemneolide-c-vitamiiniga","status":"publish","type":"product","link":"https:\/\/lakreem.eu\/en\/toode\/must-sostar-iluseerum-marjaseemneolide-c-vitamiiniga\/","title":{"rendered":"Must S\u00f5star. Iluseerum marjaseemne\u00f5lide &#038; c- vitamiiniga."},"content":{"rendered":"<p>30 ml. miron klaaspudel, pumpkorgiga.<\/p>\n<p>\u00d5liseerum, mis sisaldab musts\u00f5straseemne\u00f5li ja erinevate marjaseemne\u00f5lide segu ning c- vitamiini. Ergutab n\u00e4onahka, toidab\/niisutab t\u00f5husalt ning annab s\u00e4rava jume. V\u00f5ib kasutada nii hommikul kui \u00f5htul. Kevad\/suvisel perioodil v\u00f5ib kasutada p\u00e4evaks \u00fcksinda v\u00f5i koos Must S\u00f5star geelseerumi ja\/v\u00f5i h\u00fcdrolaadiga. S\u00fcgis\/talvisel perioodil on soovitav seerumi peale nn. nahale kaitsekihi andmiseks kasutada p\u00e4evakreemi v\u00f5i Must S\u00f5star Tahket seerumit. \u00d6\u00f6seks sobib \u00fcksinda kasutamiseks v\u00f5i Must S\u00f5star trio teiste toodetega.<\/p>\n<p>Koostises: musts\u00f5straseemne\u00f5li, viinamarjaseemne\u00f5li, kirsiseemne\u00f5li,aprikoosiseemne\u00f5li, astelpaju\u00f5li,jojoba\u00f5li,skvalaan, c-vitamiin, astaxanthin,bakuchiol,e-vitamiin<\/p>\n<p>Ingredients: Vitis vinifera seed oil, Ribes nigrum seed oil, Hippophae rhamnoides fruit oil, Prunus armeniaca kernel oil, Simmondsia chinensis seed oil, Prunus cerasus seed oil, Squalane, Tetrahexyldecyl ascorbate, Tocopherol, Helianthus annuus seed oil, Bakuchiol, Astaxanthin, Citrus aurantifolia oil, Citrus paradisi peel oil, Chananga odoranta flower oil.* benzyl benzoate,* farnesol,* citral,* geraniol,* linalool,* limonene<\/p>\n","protected":false},"excerpt":{"rendered":"<p>Must S\u00f5star- \u00f5liseerum c-vitamiiniga. Ergutab n\u00e4onahka ja annab s\u00e4rava,terve jume.<\/p>\n","protected":false},"featured_media":1683,"template":"","meta":{"inline_featured_image":false},"product_cat":[15],"product_tag":[],"class_list":{"0":"post-1687","1":"product","2":"type-product","3":"status-publish","4":"has-post-thumbnail","6":"product_cat-muu","8":"first","9":"instock","10":"taxable","11":"shipping-taxable","12":"purchasable","13":"product-type-simple"},"_links":{"self":[{"href":"https:\/\/lakreem.eu\/en\/wp-json\/wp\/v2\/product\/1687","targetHints":{"allow":["GET"]}}],"collection":[{"href":"https:\/\/lakreem.eu\/en\/wp-json\/wp\/v2\/product"}],"about":[{"href":"https:\/\/lakreem.eu\/en\/wp-json\/wp\/v2\/types\/product"}],"wp:featuredmedia":[{"embeddable":true,"href":"https:\/\/lakreem.eu\/en\/wp-json\/wp\/v2\/media\/1683"}],"wp:attachment":[{"href":"https:\/\/lakreem.eu\/en\/wp-json\/wp\/v2\/media?parent=1687"}],"wp:term":[{"taxonomy":"product_cat","embeddable":true,"href":"https:\/\/lakreem.eu\/en\/wp-json\/wp\/v2\/product_cat?post=1687"},{"taxonomy":"product_tag","embeddable":true,"href":"https:\/\/lakreem.eu\/en\/wp-json\/wp\/v2\/product_tag?post=1687"}],"curies":[{"name":"wp","href":"https:\/\/api.w.org\/{rel}","templated":true}]}}