{"id":1693,"date":"2026-04-14T10:23:53","date_gmt":"2026-04-14T07:23:53","guid":{"rendered":"https:\/\/lakreem.eu\/?post_type=product&#038;p=1693"},"modified":"2026-04-14T10:34:31","modified_gmt":"2026-04-14T07:34:31","slug":"urituse-pilet","status":"publish","type":"product","link":"https:\/\/lakreem.eu\/en\/toode\/urituse-pilet\/","title":{"rendered":"\u00dcrituse pilet"},"content":{"rendered":"<p>15.05.2026. Toimub meie esindussalongis Ilu\u00f5htu, Must S\u00f4star Trio esitlus. \u00dcrituse aeg- kell 18.00-19.30, asukoht: Vesiv\u00e4rava 50. Tallinn. Vaata ka meie fb lehelt \u00fcritust!<\/p>\n<p>\ud83d\udc9c Esitleme, tutvustame meie k\u00f5ige uuemat n\u00e4ohoolduse komplekti- Must S\u00f5star Trio.<\/p>\n<p>\ud83d\udc9c Soovijatele mini-n\u00e4ohooldus uute toodetega (15 min.)<\/p>\n<p>\ud83d\udc9c Kevadine ilulaat, k\u00f5ik LaKreem tooted-24% soodushindadega.<\/p>\n<p>\ud83d\udc9c Pakume musts\u00f5stra kooki ja musts\u00f4stra mulli.<\/p>\n<p>\ud83d\udc9c Igale osalejale v\u00e4ike kingikott, mis sisaldab Must S\u00f5star tooteid, mida m\u00fc\u00fcgil ei olegi, valminud just selle \u00fcrituse jaoks.<\/p>\n<p>* et pileti ostmine l\u00f5puni vormistada pane saatmise valikusse- tulen ise j\u00e4rgi<\/p>\n<p>*kui pilet ostetud, saad meilile selle pileti . Kui otsustad \u00fcritusele siiski mitte tulla, me piletiraha ei tagasta (see summa on l\u00e4inud kinkide ettevalmistuseks), aga saad kuu aja jooksul tulla ise meie salongi oma kingitusele j\u00e4rgi.<\/p>\n<p>*kui meie ise mingil p\u00f4hjusel peame \u00fcrituse t\u00fchistama, saad raha tagasi v\u00f5i saadame Sulle \u00fcrituse kingituse.<\/p>\n","protected":false},"excerpt":{"rendered":"<p>15.05.2026. LaKreem Ilu\u00f5htu pilet, mis tagab koha Sulle \u00fcritusel ja kingikoti.<\/p>\n","protected":false},"featured_media":1694,"template":"","meta":{"inline_featured_image":false},"product_cat":[15],"product_tag":[],"class_list":{"0":"post-1693","1":"product","2":"type-product","3":"status-publish","4":"has-post-thumbnail","6":"product_cat-muu","8":"first","9":"instock","10":"taxable","11":"shipping-taxable","12":"purchasable","13":"product-type-simple"},"_links":{"self":[{"href":"https:\/\/lakreem.eu\/en\/wp-json\/wp\/v2\/product\/1693","targetHints":{"allow":["GET"]}}],"collection":[{"href":"https:\/\/lakreem.eu\/en\/wp-json\/wp\/v2\/product"}],"about":[{"href":"https:\/\/lakreem.eu\/en\/wp-json\/wp\/v2\/types\/product"}],"wp:featuredmedia":[{"embeddable":true,"href":"https:\/\/lakreem.eu\/en\/wp-json\/wp\/v2\/media\/1694"}],"wp:attachment":[{"href":"https:\/\/lakreem.eu\/en\/wp-json\/wp\/v2\/media?parent=1693"}],"wp:term":[{"taxonomy":"product_cat","embeddable":true,"href":"https:\/\/lakreem.eu\/en\/wp-json\/wp\/v2\/product_cat?post=1693"},{"taxonomy":"product_tag","embeddable":true,"href":"https:\/\/lakreem.eu\/en\/wp-json\/wp\/v2\/product_tag?post=1693"}],"curies":[{"name":"wp","href":"https:\/\/api.w.org\/{rel}","templated":true}]}}