{"id":1708,"date":"2026-04-17T18:13:58","date_gmt":"2026-04-17T15:13:58","guid":{"rendered":"https:\/\/lakreem.eu\/?post_type=product&#038;p=1708"},"modified":"2026-04-17T18:13:58","modified_gmt":"2026-04-17T15:13:58","slug":"must-passik-trio-mini","status":"publish","type":"product","link":"https:\/\/lakreem.eu\/en\/toode\/must-passik-trio-mini\/","title":{"rendered":"Must P\u00e4ssik trio- mini"},"content":{"rendered":"<p>Kolme toote komplekt- 15 ml Must P\u00e4ssik. Taastav n\u00e4okreem. 15 ml Must P\u0101ssik . Taastav n\u00e4oseerum. 20 ml Kase h\u00fcdrolaat.<\/p>\n<p>Sobib toodete esmaseks proovimiseks v\u00f5i reisikomplektiks. Tooteid saab kasutada eraldi v\u00f5 kombineerida vastavalt n\u00e4onaha vajadustele. Seerumiga saab muuta kreemi rammusamaks kui nahk kuivem, v\u00f5i h\u00fcdrolaadiga kreemi kergemaks.<\/p>\n<p>Koostised:<\/p>\n<p>Kreem- Ingredients: Aqua, Betula Alba Leaf Water, Olea Europaea Fruit Oil,Vitis Vinifera Seed Oil, Simmondsia Chinensis Seed Oil, Hippophae Rhamnoides Fruit Oil,Brassica Campestris Seed Oil,Cannabis Sativa Seed Oil, Sodium Stearoyl Lactylate, Glyceryl stearate, Cetyl Alcohol,Lactobacillus Ferment, Glycerin ,Inonotus Obliquus Extract(Inolixir),Dehydroacetic Acid, Benzyl Alcohol, Boswellia Serrata Oil,Lavandula Angustifolia Oil,Citrus Limon Leaf Oil,Tocopherol, Helianthus Annuus Seed Oil,*Citric Acid,* citral,*linalool limonene*, geraniol*.<\/p>\n<p>Seerum- Ingredients: Olea europaea fruit oil,Inonotus obliquus extract,Triticum vulgare germ oil,Cannabis sativa seed oil, Cannabidiol, Tocopherol, Helianthus annuus seed oil,Bisabolol,Boswellia serrata oil, Citrus limon leaf oil, Lavandula angustifolia oil. citral*, linalool*, limonene*, geraniol*<\/p>\n<p>H\u00fcdrolaat- Ingredients: 100% Betula Alba Leaf Water.<\/p>\n","protected":false},"excerpt":{"rendered":"<p>N\u00e4ohoolduse komplekt \u00a0(mini) Must P\u0101ssik. Taastab,rahustab ja niisutab n\u00e4onahka.<\/p>\n","protected":false},"featured_media":1709,"template":"","meta":{"inline_featured_image":false},"product_cat":[41],"product_tag":[],"class_list":{"0":"post-1708","1":"product","2":"type-product","3":"status-publish","4":"has-post-thumbnail","6":"product_cat-naohooldus","8":"first","9":"instock","10":"taxable","11":"shipping-taxable","12":"purchasable","13":"product-type-simple"},"_links":{"self":[{"href":"https:\/\/lakreem.eu\/en\/wp-json\/wp\/v2\/product\/1708","targetHints":{"allow":["GET"]}}],"collection":[{"href":"https:\/\/lakreem.eu\/en\/wp-json\/wp\/v2\/product"}],"about":[{"href":"https:\/\/lakreem.eu\/en\/wp-json\/wp\/v2\/types\/product"}],"wp:featuredmedia":[{"embeddable":true,"href":"https:\/\/lakreem.eu\/en\/wp-json\/wp\/v2\/media\/1709"}],"wp:attachment":[{"href":"https:\/\/lakreem.eu\/en\/wp-json\/wp\/v2\/media?parent=1708"}],"wp:term":[{"taxonomy":"product_cat","embeddable":true,"href":"https:\/\/lakreem.eu\/en\/wp-json\/wp\/v2\/product_cat?post=1708"},{"taxonomy":"product_tag","embeddable":true,"href":"https:\/\/lakreem.eu\/en\/wp-json\/wp\/v2\/product_tag?post=1708"}],"curies":[{"name":"wp","href":"https:\/\/api.w.org\/{rel}","templated":true}]}}