{"id":1710,"date":"2026-04-17T18:21:48","date_gmt":"2026-04-17T15:21:48","guid":{"rendered":"https:\/\/lakreem.eu\/?post_type=product&#038;p=1710"},"modified":"2026-04-17T18:23:56","modified_gmt":"2026-04-17T15:23:56","slug":"must-munt-trio-mini","status":"publish","type":"product","link":"https:\/\/lakreem.eu\/en\/toode\/must-munt-trio-mini\/","title":{"rendered":"Must M\u00fcnt.Trio- mini."},"content":{"rendered":"<p>Noorte n\u00e4ohoolduse sarja 3 toote komplekt, 50 ml. puhastusvaht, 20 ml toonik ja \u00a015 ml niisutav n\u00e4okreem. ( loe pikemalt siin e-poest \u00a0Must M\u00fcnt t\u00e4issuuruses toodete juurest)<\/p>\n<p>Sobib esmaseks proovimiseks v\u00f5i reisikomplektiks.<\/p>\n<p>Koostised:<\/p>\n<p>Puhastusvaht- Ingredients: Aqua,Sodium cocoamphoacetate,Glycerin,Lauryl glucoside.Sodium cocoyl glutamate,Sodium lauryl glucose carboxylate.Lactobacillus ferment, Dehydroacetic acid,Benzyl alcohol,Citric acid,Lavandula angustifolia oil.Mentha piperita leaf oil.<br \/>\n*citral,*linalool,*limonene<\/p>\n<p>Toonik- Ingredients: Aqua,Glycerin,Aloe barbadensis gel, Lactobacillus ferment, Dehydroacetic acid,Benzyl alcohol,Allantoin,Citric acid,Xanthan gum, Arginine.Lavandula angustifolia oil. Mentha piperita leaf oil. *citral,* linalool,*limonene.<\/p>\n<p>Kreem- Ingredients: Aqua,Brassica campestris seed oil.Cannabis sativa seed oil. Nigella sativa seed oil.Cucurbita pepo seed oil. Aloe barbadensis gel. Sodium stearoyl lactylate. Glyceryl stearate.Cetyl alcohol,Lactobacillus ferment,Dehydroacetic acid.Benzyl alcohol,Tocopherol,Helianthus annuus seed oil.Lavandula angustifolia oil. Mentha piperita leaf oil.*citral* linalool,*limonene<\/p>\n","protected":false},"excerpt":{"rendered":"<p>Must M\u00fcnt mini komplekt n\u00e4onaha hoolduseks, sobib eelk\u00f5ige noorele n\u00e4onahale.<\/p>\n","protected":false},"featured_media":1711,"template":"","meta":{"inline_featured_image":false},"product_cat":[41],"product_tag":[],"class_list":{"0":"post-1710","1":"product","2":"type-product","3":"status-publish","4":"has-post-thumbnail","6":"product_cat-naohooldus","8":"first","9":"instock","10":"taxable","11":"shipping-taxable","12":"purchasable","13":"product-type-simple"},"_links":{"self":[{"href":"https:\/\/lakreem.eu\/en\/wp-json\/wp\/v2\/product\/1710","targetHints":{"allow":["GET"]}}],"collection":[{"href":"https:\/\/lakreem.eu\/en\/wp-json\/wp\/v2\/product"}],"about":[{"href":"https:\/\/lakreem.eu\/en\/wp-json\/wp\/v2\/types\/product"}],"wp:featuredmedia":[{"embeddable":true,"href":"https:\/\/lakreem.eu\/en\/wp-json\/wp\/v2\/media\/1711"}],"wp:attachment":[{"href":"https:\/\/lakreem.eu\/en\/wp-json\/wp\/v2\/media?parent=1710"}],"wp:term":[{"taxonomy":"product_cat","embeddable":true,"href":"https:\/\/lakreem.eu\/en\/wp-json\/wp\/v2\/product_cat?post=1710"},{"taxonomy":"product_tag","embeddable":true,"href":"https:\/\/lakreem.eu\/en\/wp-json\/wp\/v2\/product_tag?post=1710"}],"curies":[{"name":"wp","href":"https:\/\/api.w.org\/{rel}","templated":true}]}}