{"id":850,"date":"2024-06-17T18:28:27","date_gmt":"2024-06-17T15:28:27","guid":{"rendered":"https:\/\/www.lakreem.eu\/?post_type=product&#038;p=850"},"modified":"2026-02-08T18:11:13","modified_gmt":"2026-02-08T16:11:13","slug":"must-munt-niisutav-naokreem","status":"publish","type":"product","link":"https:\/\/lakreem.eu\/en\/toode\/must-munt-niisutav-naokreem\/","title":{"rendered":"Must M\u00fcnt. Niisutav n\u00e4okreem."},"content":{"rendered":"<p>50 ml. Airless korgiga, plastik pudel.<\/p>\n<p>Kerge niisutav piparm\u00fcndil\u00f4hnaline n\u00e4okreem on m\u014deldud eelk\u00f5ige noorele n\u00e4onahale,ei sisalda k\u00fcpsemale nahale m\u014deldud aktiivseid toimeaineid. Kreem aitab taastada ja hoida naha loomulikku kaitsebarj\u00e4\u00e4ri.Probiootikumid tasakaalustavad naha mikrobioomi. Kreemis sisalduvad kanepiseemne\u00f5li, k\u00f5rvitsaseemne\u00f5li ning mustk\u00f6\u00f6mne\u00f5li sobivad rahustama probleemset n\u00e4onahka.<\/p>\n<p>Kasutamine- kanna puhtale n\u00e4onahale ( soovitavalt Must M\u00fcnt sarja vahu ja toonikuga eelnevalt puhastatud) sobiv kogus kreemi ja masseeri \u00f5rnalt laiali. Kreemi kogus s\u00f5ltub n\u00e4onahast- kuivemale rohkem ,rasusele v\u00e4hem.Kreemi v\u00f5ib kasutada vastavalt vajadusele hommikul ja\/v\u00f5i \u00f5htul.<\/p>\n<p>Koostis: Des.vesi, kanepiseemne\u00f5li, k\u00f4rvitsaseemne\u00f5li, mustk\u00f6\u00f6mne\u00f5li, aloe vera, probiootikum. Lavendli ja piparm\u00fcndi eeterlikud \u00f5lid.<\/p>\n<p>Ingredients: Aqua,Brassica campestris seed oil.Cannabis sativa seed oil. Nigella sativa seed oil.Cucurbita pepo seed oil. Aloe barbadensis gel. Sodium stearoyl lactylate. Glyceryl stearate.Cetyl alcohol,Lactobacillus ferment,Dehydroacetic acid.Benzyl alcohol,Tocopherol,Helianthus annuus seed oil.Lavandula angustifolia oil. Mentha piperita leaf oil.*citral* linalool,*limonene<\/p>\n","protected":false},"excerpt":{"rendered":"<p>&nbsp;<\/p>\n<p>Noorte sarja 24h niisutav n\u00e4okreem. Aitab taastada ja kaitsta naha kaitsebarj\u00e4\u00e4ri. Sobib vastavalt vajadusele nii hommikul kui \u00f5htul kasutamiseks puhtale n\u00e4onahale<\/p>\n","protected":false},"featured_media":1642,"template":"","meta":{"inline_featured_image":false},"product_cat":[15],"product_tag":[55],"class_list":{"0":"post-850","1":"product","2":"type-product","3":"status-publish","4":"has-post-thumbnail","6":"product_cat-muu","7":"product_tag-must-munt","9":"first","10":"instock","11":"taxable","12":"shipping-taxable","13":"purchasable","14":"product-type-simple"},"_links":{"self":[{"href":"https:\/\/lakreem.eu\/en\/wp-json\/wp\/v2\/product\/850","targetHints":{"allow":["GET"]}}],"collection":[{"href":"https:\/\/lakreem.eu\/en\/wp-json\/wp\/v2\/product"}],"about":[{"href":"https:\/\/lakreem.eu\/en\/wp-json\/wp\/v2\/types\/product"}],"wp:featuredmedia":[{"embeddable":true,"href":"https:\/\/lakreem.eu\/en\/wp-json\/wp\/v2\/media\/1642"}],"wp:attachment":[{"href":"https:\/\/lakreem.eu\/en\/wp-json\/wp\/v2\/media?parent=850"}],"wp:term":[{"taxonomy":"product_cat","embeddable":true,"href":"https:\/\/lakreem.eu\/en\/wp-json\/wp\/v2\/product_cat?post=850"},{"taxonomy":"product_tag","embeddable":true,"href":"https:\/\/lakreem.eu\/en\/wp-json\/wp\/v2\/product_tag?post=850"}],"curies":[{"name":"wp","href":"https:\/\/api.w.org\/{rel}","templated":true}]}}