{"id":853,"date":"2024-06-17T18:39:10","date_gmt":"2024-06-17T15:39:10","guid":{"rendered":"https:\/\/www.lakreem.eu\/?post_type=product&#038;p=853"},"modified":"2026-02-08T18:10:30","modified_gmt":"2026-02-08T16:10:30","slug":"must-munt-naotoonik","status":"publish","type":"product","link":"https:\/\/lakreem.eu\/en\/toode\/must-munt-naotoonik\/","title":{"rendered":"Must M\u00fcnt. N\u00e4otoonik."},"content":{"rendered":"<p>100 ml spray korgiga plastikpudel.<\/p>\n<p>Piparm\u00fcndil\u00f5hnaline toonik puhastab n\u00e4onahka ning tasakaalustab ph.<\/p>\n<p>Kasutamine-hommikul pese esmalt leige veega n\u00e4onahk, seej\u00e4rel kanna toonikut otse n\u00e4ole v\u00f5i vatipadjale ja puhasta nahk. \u00c4ra loputa maha!<br \/>\n\u014chtul pese esmalt n\u00e4onahk Must M\u00fcnt vahuga (v\u00f5i m\u00f4ne teise sobiva puhastuspiima,geeli v\u00f5i vahuga), seej\u00e4rel puhasta toonikuga \u00fcle. Toonik aitab eemaldada mustuse j\u00e4\u00e4gid nahalt ja tasakaalustab naha ph. Toonikus sisalduvad probiootikumid aitavad tasakaalus hoida ka naha mikrobioomi.<\/p>\n<p>Koostis- des. vesi,taimne gl\u00fctseriin,aloe vera, allantoiin, probiootikum, arginiin. Lavendli ja piparm\u00fcndi eeterlikud \u00f5lid. Toote ph 5,55<\/p>\n<p>Ingredients: Aqua,Glycerin,Aloe barbadensis gel, Lactobacillus ferment, Dehydroacetic acid,Benzyl alcohol,Allantoin,Citric acid,Xanthan gum, Arginine.Lavandula angustifolia oil. Mentha piperita leaf oil. *citral,* linalool,*limonene.<\/p>\n","protected":false},"excerpt":{"rendered":"<p>Noortesarja toode, mis puhastab ja tasakaalustab n\u00e4onahka.<\/p>\n","protected":false},"featured_media":1641,"template":"","meta":{"inline_featured_image":false},"product_cat":[15],"product_tag":[55],"class_list":{"0":"post-853","1":"product","2":"type-product","3":"status-publish","4":"has-post-thumbnail","6":"product_cat-muu","7":"product_tag-must-munt","9":"first","10":"instock","11":"taxable","12":"shipping-taxable","13":"purchasable","14":"product-type-simple"},"_links":{"self":[{"href":"https:\/\/lakreem.eu\/en\/wp-json\/wp\/v2\/product\/853","targetHints":{"allow":["GET"]}}],"collection":[{"href":"https:\/\/lakreem.eu\/en\/wp-json\/wp\/v2\/product"}],"about":[{"href":"https:\/\/lakreem.eu\/en\/wp-json\/wp\/v2\/types\/product"}],"wp:featuredmedia":[{"embeddable":true,"href":"https:\/\/lakreem.eu\/en\/wp-json\/wp\/v2\/media\/1641"}],"wp:attachment":[{"href":"https:\/\/lakreem.eu\/en\/wp-json\/wp\/v2\/media?parent=853"}],"wp:term":[{"taxonomy":"product_cat","embeddable":true,"href":"https:\/\/lakreem.eu\/en\/wp-json\/wp\/v2\/product_cat?post=853"},{"taxonomy":"product_tag","embeddable":true,"href":"https:\/\/lakreem.eu\/en\/wp-json\/wp\/v2\/product_tag?post=853"}],"curies":[{"name":"wp","href":"https:\/\/api.w.org\/{rel}","templated":true}]}}