{"id":856,"date":"2024-06-17T18:57:27","date_gmt":"2024-06-17T15:57:27","guid":{"rendered":"https:\/\/www.lakreem.eu\/?post_type=product&#038;p=856"},"modified":"2026-02-08T18:09:45","modified_gmt":"2026-02-08T16:09:45","slug":"must-munt-puhastusvaht-naole","status":"publish","type":"product","link":"https:\/\/lakreem.eu\/en\/toode\/must-munt-puhastusvaht-naole\/","title":{"rendered":"Must M\u00fcnt. Puhastusvaht n\u00e4ole."},"content":{"rendered":"<p>150 ml. Plastkpudel<\/p>\n<p>Piparm\u00fcndil\u00f5hnaline kerge vaht sobib n\u00e4onaha puhastamiseks. Eemaldab mustuse ja kergema meigi.<br \/>\nKasutamine- kanna niiskele n\u00e4onahale sobiv kogus (1-2 pumpamist) vahtu, masseeri hoolega laiali paar minutit ja loputa maha. Seej\u00e4rel soovitame kasutada naha l\u00f5plikuks puhastamiseks ja tasakaalustamiseks Must M\u00fcnt N\u00e4otoonikut.<\/p>\n<p>Koostis-des.vesi,taimne gl\u00fctseriin,sulfaadivaba vahusegu,probiootikum. Piparm\u00fcndi ja lavendli eeterlikud \u00f5lid. Toote ph on 5,5<\/p>\n<p>Ingredients: Aqua,Sodium cocoamphoacetate,Glycerin,Lauryl glucoside.Sodium cocoyl glutamate,Sodium lauryl glucose carboxylate.Lactobacillus ferment, Dehydroacetic acid,Benzyl alcohol,Citric acid,Lavandula angustifolia oil.Mentha piperita leaf oil.<br \/>\n*citral,*linalool,*limonene<\/p>\n","protected":false},"excerpt":{"rendered":"<p>Noortesarja kerge, sulfaadivaba vaht sobib n\u00e4onaha igap\u00e4evaseks puhastamiseks. Eemaldab mustuse ja kergema meigi.<\/p>\n","protected":false},"featured_media":1643,"template":"","meta":{"inline_featured_image":false},"product_cat":[15],"product_tag":[55],"class_list":{"0":"post-856","1":"product","2":"type-product","3":"status-publish","4":"has-post-thumbnail","6":"product_cat-muu","7":"product_tag-must-munt","9":"first","10":"instock","11":"taxable","12":"shipping-taxable","13":"purchasable","14":"product-type-simple"},"_links":{"self":[{"href":"https:\/\/lakreem.eu\/en\/wp-json\/wp\/v2\/product\/856","targetHints":{"allow":["GET"]}}],"collection":[{"href":"https:\/\/lakreem.eu\/en\/wp-json\/wp\/v2\/product"}],"about":[{"href":"https:\/\/lakreem.eu\/en\/wp-json\/wp\/v2\/types\/product"}],"wp:featuredmedia":[{"embeddable":true,"href":"https:\/\/lakreem.eu\/en\/wp-json\/wp\/v2\/media\/1643"}],"wp:attachment":[{"href":"https:\/\/lakreem.eu\/en\/wp-json\/wp\/v2\/media?parent=856"}],"wp:term":[{"taxonomy":"product_cat","embeddable":true,"href":"https:\/\/lakreem.eu\/en\/wp-json\/wp\/v2\/product_cat?post=856"},{"taxonomy":"product_tag","embeddable":true,"href":"https:\/\/lakreem.eu\/en\/wp-json\/wp\/v2\/product_tag?post=856"}],"curies":[{"name":"wp","href":"https:\/\/api.w.org\/{rel}","templated":true}]}}