{"id":857,"date":"2024-06-17T19:14:38","date_gmt":"2024-06-17T16:14:38","guid":{"rendered":"https:\/\/www.lakreem.eu\/?post_type=product&#038;p=857"},"modified":"2026-02-08T18:08:57","modified_gmt":"2026-02-08T16:08:57","slug":"must-munt-trio","status":"publish","type":"product","link":"https:\/\/lakreem.eu\/en\/toode\/must-munt-trio\/","title":{"rendered":"Must M\u00fcnt. Trio"},"content":{"rendered":"<p>3 osaline komplekt n\u00e4onaha koduseks hooldamiseks.<br \/>\n150 ml puhastusvaht, 100 ml n\u00e4otoonik ,50 ml niisutav n\u00e4okreem.<\/p>\n<p>Sobib eelk\u00f5ige nooremale ja\/v\u00f5i probleemsele n\u00e4onahale. Kerge koostisega tooted aitavad nahka puhastada, mikrobioomi ning ph- d tasakaalus hoida ning niisutada, kaitsta n\u00e4onahka.<\/p>\n<p>Kasutamine\/ kodune n\u00e4ohooldus: Hommikul pese n\u00e4onahk leige veega, seej\u00e4rel puhasta Must M\u00fcnt N\u00e4otoonikuga (piserda vatipadjale ja sellega puhasta n\u00e4gu). \u00c4ra loputa toonikut maha. Kanna n\u00e4onahale sobiv kogus Must M\u00fcnt Niisutavat n\u00e4okreemi. \u00d4htul pese n\u00e4onahk esmalt Must M\u00fcnt Puhastusvahuga, loputa maha! Seej\u00e4rel puhasta n\u00e4onahk \u00fcle Must M\u00fcnt toonikuga. (toonikut \u00e4ra loputa maha) Vajadusel ( kui tunne,et nahk kuiv) kanna n\u00e4ole Must M\u00fcnt Niisutav n\u00e4okreem,aga kui nahk tundub normaalne, ei pea kreemi panema,v\u00f5id lasta \u00f6\u00f6sel nahal \u201cvabalt hingata\u201d.<\/p>\n<p>Vaht- Ingredients: Aqua,Sodium cocoamphoacetate,Glycerin,Lauryl glucoside.Sodium cocoyl glutamate,Sodium lauryl glucose carboxylate.Lactobacillus ferment, Dehydroacetic acid,Benzyl alcohol,Citric acid,Lavandula angustifolia oil.Mentha piperita leaf oil.<br \/>\n*citral,*linalool,*limonene<\/p>\n<p>Toonik- Ingredients: Aqua,Glycerin,Aloe barbadensis gel, Lactobacillus ferment, Dehydroacetic acid,Benzyl alcohol,Allantoin,Citric acid,Xanthan gum,Arginine,Lavandula angustifolia oil. Mentha piperita leaf oil. *citral,* linalool,*limonene<\/p>\n<p>Kreem-Ingredients: Aqua,Brassica campestris seed oil.Cannabis sativa seed oil. Nigella sativa seed oil.Cucurbita pepo seed oil. Aloe barbadensis gel. Sodium stearoyl lactylate. Glyceryl stearate.Cetyl alcohol,Lactobacillus ferment,Dehydroacetic acid.Benzyl alcohol,Tocopherol,Helianthus annuus seed oil.Lavandula angustifolia oil. Mentha piperita leaf oil.*citral* linalool,*limonene<\/p>\n","protected":false},"excerpt":{"rendered":"<p>&nbsp;<\/p>\n<p>Kodune n\u00e4ohooldus komplekt- puhastusvaht,toonik ja niisutav n\u00e4okreem. Kerge, piparm\u00fcndil\u00f5hnaline sari on sobiv eelk\u00f5ige nooremale n\u00e4onahale, aga sobib ka probleemsele ja rasusemale n\u00e4onahale.<\/p>\n","protected":false},"featured_media":1644,"template":"","meta":{"inline_featured_image":false},"product_cat":[15],"product_tag":[55],"class_list":{"0":"post-857","1":"product","2":"type-product","3":"status-publish","4":"has-post-thumbnail","6":"product_cat-muu","7":"product_tag-must-munt","9":"first","10":"instock","11":"taxable","12":"shipping-taxable","13":"purchasable","14":"product-type-simple"},"_links":{"self":[{"href":"https:\/\/lakreem.eu\/en\/wp-json\/wp\/v2\/product\/857","targetHints":{"allow":["GET"]}}],"collection":[{"href":"https:\/\/lakreem.eu\/en\/wp-json\/wp\/v2\/product"}],"about":[{"href":"https:\/\/lakreem.eu\/en\/wp-json\/wp\/v2\/types\/product"}],"wp:featuredmedia":[{"embeddable":true,"href":"https:\/\/lakreem.eu\/en\/wp-json\/wp\/v2\/media\/1644"}],"wp:attachment":[{"href":"https:\/\/lakreem.eu\/en\/wp-json\/wp\/v2\/media?parent=857"}],"wp:term":[{"taxonomy":"product_cat","embeddable":true,"href":"https:\/\/lakreem.eu\/en\/wp-json\/wp\/v2\/product_cat?post=857"},{"taxonomy":"product_tag","embeddable":true,"href":"https:\/\/lakreem.eu\/en\/wp-json\/wp\/v2\/product_tag?post=857"}],"curies":[{"name":"wp","href":"https:\/\/api.w.org\/{rel}","templated":true}]}}